{"id":14498,"date":"2022-01-29T15:57:09","date_gmt":"2022-01-29T14:57:09","guid":{"rendered":"https:\/\/asco-hilft.de\/?page_id=14498"},"modified":"2022-02-28T20:22:56","modified_gmt":"2022-02-28T19:22:56","slug":"vermittlungshilfe","status":"publish","type":"page","link":"https:\/\/asco-hilft.de\/index.php\/vermittlungshilfe\/","title":{"rendered":"Vermittlungshilfe"},"content":{"rendered":"<div id=\"cmsmasters_row_v3c7gdzro8\" class=\"cmsmasters_row cmsmasters_color_scheme_default cmsmasters_row_top_default cmsmasters_row_bot_default cmsmasters_row_boxed\">\n<div class=\"cmsmasters_row_outer_parent\">\n<div class=\"cmsmasters_row_outer\">\n<div class=\"cmsmasters_row_inner\">\n<div class=\"cmsmasters_row_margin\">\n<div id=\"cmsmasters_column_ku99sm5ufg\" class=\"cmsmasters_column one_first\">\n<div class=\"cmsmasters_column_inner\"><div class=\"cmsmasters_text\">\n<p>&nbsp;<\/p>\n<p>&nbsp;<\/p>\n<p>Auf dieser Seite m\u00f6chten wir Euch die M\u00f6glichkeit der Vermittlungshilfe geben.<\/p>\n<p>Die Anzahl der Pflegestellen von ASCO ist sehr beschr\u00e4nkt und es ist m\u00f6glich, dass wir keine Kapazit\u00e4ten haben, um Euch zu helfen.<br \/>\nUm aber auf Euer Problem aufmerksam machen zu k\u00f6nnen, ver\u00f6ffentlichen wir gerne auf unseren Seiten den entsprechenden Hilferuf.<br \/>\nBitte schickt uns Bilder und einen kleinen Text, der Euer Problem beschreibt. Wir werden diese Informationen ver\u00f6ffentlichen und die Angebote vorsortiert weiter leiten.<\/p>\n<p>Auch in diesem Fall werden Eure Daten vertraulich behandelt.<\/p>\n<p>Hier k\u00f6nnen auch Nutztiere (verzeiht mir diesen Begriff) ver\u00f6ffentlicht werden.<\/p>\n<\/div>\n<\/div><\/div>\n<\/div>\n<\/div>\n<\/div>\n<\/div>\n<\/div>\n<div id=\"cmsmasters_row_s7zcl47lp\" class=\"cmsmasters_row cmsmasters_color_scheme_default cmsmasters_row_top_default cmsmasters_row_bot_default cmsmasters_row_boxed\">\n<div class=\"cmsmasters_row_outer_parent\">\n<div class=\"cmsmasters_row_outer\">\n<div class=\"cmsmasters_row_inner\">\n<div class=\"cmsmasters_row_margin\">\n<div id=\"cmsmasters_column_rac80pr268\" class=\"cmsmasters_column one_first\">\n<div class=\"cmsmasters_column_inner\"><div class=\"cmsmasters_text\">\n<div class=\"forminator-ui forminator-custom-form forminator-custom-form-14537 forminator-design--default  forminator_ajax\" data-forminator-render=\"0\" data-form=\"forminator-module-14537\" data-uid=\"69e45d779b08d\"><br\/><\/div><form\n\t\t\t\tid=\"forminator-module-14537\"\n\t\t\t\tclass=\"forminator-ui forminator-custom-form forminator-custom-form-14537 forminator-design--default  forminator_ajax\"\n\t\t\t\tmethod=\"post\"\n\t\t\t\tdata-forminator-render=\"0\"\n\t\t\t\tdata-form-id=\"14537\"\n\t\t\t\t\n\t\t\t\tdata-design=\"default\"\n\t\t\t\t\n\t\t\t\t\n\t\t\t\t\n\t\t\t\tdata-grid=\"open\"\n\t\t\t\tenctype=\"multipart\/form-data\"\n\t\t\t\t\n\t\t\t\tstyle=\"display: none;\"\n\t\t\t\t\n\t\t\t\tdata-uid=\"69e45d779b08d\"\n\t\t\t><div role=\"alert\" aria-live=\"polite\" class=\"forminator-response-message forminator-error\" aria-hidden=\"true\"><\/div><div class=\"forminator-row\"><div id=\"text-1\" class=\"forminator-field-text forminator-col forminator-col-12 \"><div class=\"forminator-field\"><label for=\"forminator-field-text-1_69e45d779b08d\" id=\"forminator-field-text-1_69e45d779b08d-label\" class=\"forminator-label\">Ihr Name <span class=\"forminator-required\">*<\/span><\/label><input type=\"text\" name=\"text-1\" value=\"\" placeholder=\"\" id=\"forminator-field-text-1_69e45d779b08d\" class=\"forminator-input forminator-name--field\" data-required=\"1\" \/><\/div><\/div><\/div><div class=\"forminator-row\"><div id=\"email-1\" class=\"forminator-field-email forminator-col forminator-col-12 \"><div class=\"forminator-field\"><label for=\"forminator-field-email-1_69e45d779b08d\" id=\"forminator-field-email-1_69e45d779b08d-label\" class=\"forminator-label\">Ihre E-Mail-Adresse <span class=\"forminator-required\">*<\/span><\/label><input type=\"email\" name=\"email-1\" value=\"\" placeholder=\"\" id=\"forminator-field-email-1_69e45d779b08d\" class=\"forminator-input forminator-email--field\" data-required=\"1\" aria-required=\"true\" \/><\/div><\/div><\/div><div class=\"forminator-row\"><div id=\"text-2\" class=\"forminator-field-text forminator-col forminator-col-12 \"><div class=\"forminator-field\"><label for=\"forminator-field-text-2_69e45d779b08d\" id=\"forminator-field-text-2_69e45d779b08d-label\" class=\"forminator-label\">Betreff <span class=\"forminator-required\">*<\/span><\/label><input type=\"text\" name=\"text-2\" value=\"\" placeholder=\"\" id=\"forminator-field-text-2_69e45d779b08d\" class=\"forminator-input forminator-name--field\" data-required=\"1\" \/><\/div><\/div><\/div><div class=\"forminator-row\"><div id=\"textarea-1\" class=\"forminator-field-textarea forminator-col forminator-col-12 \"><div class=\"forminator-field\"><label for=\"forminator-field-textarea-1_69e45d779b08d\" id=\"forminator-field-textarea-1_69e45d779b08d-label\" class=\"forminator-label\">Ihre Nachricht<\/label><textarea name=\"textarea-1\" placeholder=\"\" id=\"forminator-field-textarea-1_69e45d779b08d\" class=\"forminator-textarea\" rows=\"6\" style=\"min-height:140px;\" ><\/textarea><\/div><\/div><\/div><div class=\"forminator-row\"><div id=\"upload-1\" class=\"forminator-field-upload forminator-col forminator-col-12 \"><div class=\"forminator-field\"><label for=\"forminator-field-upload-1_69e45d779b08d\" id=\"forminator-field-upload-1_69e45d779b08d-label\" class=\"forminator-label\">Dateien hochladen<\/label><div class=\"forminator-multi-upload \" data-element=\"upload-1_69e45d779b08d\" aria-describedby=\"forminator-field-upload-1_69e45d779b08d-description\"><input type=\"file\" name=\"upload-1[]\" id=\"forminator-field-upload-1_69e45d779b08d\" class=\"forminator-input-file forminator-field-upload-1_69e45d779b08d-14537\" multiple=\"multiple\" data-method=\"ajax\" data-limit=\"5\" data-limit-message=\"You can upload a maximum of 5 files.\" data-size=\"8000000\" data-size-message=\"Maximum file size allowed is 8 MB. \"><div class=\"forminator-multi-upload-message\" aria-hidden=\"true\"><span class=\"forminator-icon-upload\" aria-hidden=\"true\"><\/span><p>Drag and Drop (or) <a class=\"forminator-upload-file--forminator-field-upload-1_69e45d779b08d\" href=\"javascript:void(0)\">Choose Files<\/a><\/p><\/div><\/div><ul class=\"forminator-uploaded-files upload-container-upload-1_69e45d779b08d\"><\/ul><\/div><\/div><\/div><div class=\"forminator-row\"><div id=\"consent-1\" class=\"forminator-field-consent forminator-col forminator-col-12 \"><div class=\"forminator-field\"><label for=\"forminator-field-consent-1_69e45d779b08d\" id=\"forminator-field-consent-1_69e45d779b08d-label\" class=\"forminator-label\">Datenschutzerkl\u00e4rung <span class=\"forminator-required\">*<\/span><\/label><div class=\"forminator-checkbox__wrapper\"><label for=\"forminator-field-consent-1_69e45d779b08d\" id=\"forminator-field-consent-1_69e45d779b08d__label\" class=\"forminator-checkbox forminator-consent\" style=\"margin: 0;\"><input type=\"checkbox\" name=\"consent-1\" id=\"forminator-field-consent-1_69e45d779b08d\" value=\"checked\" aria-labelledby=\"forminator-field-consent-1_69e45d779b08d-label\" aria-describedby=\"forminator-field-consent-1_69e45d779b08d__description\" data-required=\"true\" aria-required=\"true\" \/><span class=\"forminator-checkbox-box\" aria-hidden=\"true\"><\/span><\/label><div id=\"forminator-field-consent-1_69e45d779b08d__description\" class=\"forminator-checkbox__label forminator-consent__label\"><p><i><\/i>Ich stimme zu, dass meine Angaben aus dem Kontaktformular zur Beantwortung meiner Anfrage erhoben und verarbeitet werden.\u00a0<a href=\"https:\/\/asco-hilft.de\/index.php\/privacy-policy\/\" target=\"_blank\" rel=\"noopener\">Datenschutzerkl\u00e4rung<\/a><\/p><\/div><\/div><\/div><\/div><\/div><input type=\"hidden\" name=\"referer_url\" value=\"\" \/><div class=\"forminator-row forminator-row-last\"><div class=\"forminator-col\"><div class=\"forminator-field\"><button class=\"forminator-button forminator-button-submit\">Senden<\/button><\/div><\/div><\/div><input type=\"hidden\" id=\"forminator_nonce\" name=\"forminator_nonce\" value=\"4f3d3764e8\" \/><input type=\"hidden\" name=\"_wp_http_referer\" value=\"\/index.php\/wp-json\/wp\/v2\/pages\/14498\" \/><input type=\"hidden\" name=\"form_id\" value=\"14537\"><input type=\"hidden\" name=\"page_id\" value=\"14498\"><input type=\"hidden\" name=\"form_type\" value=\"default\"><input type=\"hidden\" name=\"current_url\" value=\"https:\/\/asco-hilft.de\/index.php\/vermittlungshilfe\/\"><input type=\"hidden\" name=\"render_id\" value=\"0\"><input type=\"hidden\" name=\"forminator-multifile-hidden\" class=\"forminator-multifile-hidden\"><input type=\"hidden\" name=\"action\" value=\"forminator_submit_form_custom-forms\"><\/form>\n<\/div>\n<\/div><\/div>\n<\/div>\n<\/div>\n<\/div>\n<\/div>\n<\/div>\n<div id=\"cmsmasters_row_cuhyhhvt7a\" class=\"cmsmasters_row cmsmasters_color_scheme_default cmsmasters_row_top_default cmsmasters_row_bot_default cmsmasters_row_boxed\">\n<div class=\"cmsmasters_row_outer_parent\">\n<div class=\"cmsmasters_row_outer\">\n<div class=\"cmsmasters_row_inner\">\n<div class=\"cmsmasters_row_margin\">\n<div id=\"cmsmasters_column_tgj2axa10j\" class=\"cmsmasters_column one_first\">\n<div class=\"cmsmasters_column_inner\"><div id=\"blog_klto6xtcw7\" class=\"cmsmasters_wrap_blog entry-summary\" data-layout=\"standard\" data-layout-mode=\"\" data-url=\"https:\/\/asco-hilft.de\/wp-content\/plugins\/cmsmasters-content-composer\/\" data-orderby=\"date\" data-order=\"DESC\" data-count=\"12\" data-categories=\"vermittlungshilfe\" data-metadata=\"date,likes\" data-pagination=\"pagination\"><div class=\"blog standard\"><!-- Start Post Default Article -->\r\n<article id=\"post-14563\" class=\"cmsmasters_post_default post-14563 post type-post status-publish format-standard has-post-thumbnail hentry category-vermittlungshilfe\">\r\n\t<div class=\"cmsmasters_post_cont\">\r\n\t\t<figure class=\"cmsmasters_img_wrap\"><a href=\"https:\/\/asco-hilft.de\/index.php\/2022\/02\/28\/emma-sucht-ein-neues-zuhause\/\" title=\"Emma sucht ein neues Zuhause\" class=\"cmsmasters_img_link\"><img width=\"860\" height=\"570\" src=\"https:\/\/i0.wp.com\/asco-hilft.de\/wp-content\/uploads\/2022\/02\/Emma-Titel-1024x683-1.jpg?resize=860%2C570&amp;ssl=1\" class=\" wp-post-image\" alt=\"Emma sucht ein neues Zuhause\" loading=\"lazy\" title=\"Emma-Titel-1024x683\" srcset=\"https:\/\/i0.wp.com\/asco-hilft.de\/wp-content\/uploads\/2022\/02\/Emma-Titel-1024x683-1.jpg?resize=300%2C200&amp;ssl=1 300w, https:\/\/i0.wp.com\/asco-hilft.de\/wp-content\/uploads\/2022\/02\/Emma-Titel-1024x683-1.jpg?resize=860%2C570&amp;ssl=1 860w\" sizes=\"(max-width: 860px) 100vw, 860px\" \/><\/a><\/figure>\t\t<div class=\"cmsmasters_post_cont_inner\">\r\n\t\t\t<header class=\"cmsmasters_post_header entry-header\"><h3 class=\"cmsmasters_post_title entry-title\"><a href=\"https:\/\/asco-hilft.de\/index.php\/2022\/02\/28\/emma-sucht-ein-neues-zuhause\/\">Emma sucht ein neues Zuhause<\/a><\/h3><\/header><div class=\"cmsmasters_post_content entry-content\">\n<p>Suche ein kr\u00e4ftiges Herrchen oder Frauchen das mich fordert und auslastet \ud83d\ude42 Aus gesundheitlichen Gr\u00fcnden der Halterin wir schweren Herzens ein neues Zuhause f\u00fcr Emma gesucht. Emma ist eine selbstbewusste lernwillige H\u00fcndin. Sie l\u00e4sst sich im Allgemeinen an der Leine sowie im Feld gut f\u00fchren. Ihr ausgelassener Bewegungsdrang ist eher f\u00fcr aktive Menschen geeignet. Sie ist sehr aufmerksam und verf\u00fcgt \u00fcber einen guten Besch\u00fctzerinstinkt.In einer Hundelaufgruppe passt sie sich den Gegebenheiten leicht an, hat allerdings Probleme bei Hundebegegnungen beim alleine Gassi gehen.Emma ist eine neugierige lustige H\u00fcndin die f\u00fcr viel Spa\u00df und Lebensfreude zu haben ist.Ich w\u00fcnsche mir f\u00fcr Emma...<\/p>\n<\/div>\n<footer class=\"cmsmasters_post_footer entry-meta\"><span class=\"cmsmasters_post_date\"><abbr class=\"published\" title=\"28. Februar 2022\">28. Februar 2022<\/abbr><abbr class=\"dn date updated\" title=\"28. Februar 2022\">28. Februar 2022<\/abbr><\/span><div class=\"cmsmasters_post_meta_info\"><span class=\"cmsmasters_likes cmsmasters_post_likes\"><a href=\"#\" onclick=\"cmsmastersLike(14563, false); return false;\" id=\"cmsmastersLike-14563\" class=\"cmsmastersLike cmsmasters_theme_icon_like\"><span>1 <\/span><\/a><\/span><\/div><\/footer>\t\t<\/div>\r\n\t<\/div>\r\n<\/article>\r\n<!-- Finish Post Default Article -->\r\n\r\n<\/div><div class=\"cmsmasters_wrap_more_posts cmsmasters_wrap_more_items\"><\/div><\/div>\n<\/div><\/div>\n<\/div>\n<\/div>\n<\/div>\n<\/div>\n<\/div>\n\n","protected":false},"excerpt":{"rendered":"","protected":false},"author":1,"featured_media":0,"parent":0,"menu_order":0,"comment_status":"closed","ping_status":"closed","template":"","meta":{"spay_email":""},"yoast_head":"<!-- This site is optimized with the Yoast SEO plugin v18.0 - https:\/\/yoast.com\/wordpress\/plugins\/seo\/ -->\n<title>Vermittlungshilfe - ASCO-hilft<\/title>\n<meta name=\"robots\" content=\"index, follow, max-snippet:-1, max-image-preview:large, max-video-preview:-1\" \/>\n<link rel=\"canonical\" href=\"https:\/\/asco-hilft.de\/index.php\/vermittlungshilfe\/\" \/>\n<meta property=\"og:locale\" content=\"de_DE\" \/>\n<meta property=\"og:type\" content=\"article\" \/>\n<meta property=\"og:title\" content=\"Vermittlungshilfe - ASCO-hilft\" \/>\n<meta property=\"og:url\" content=\"https:\/\/asco-hilft.de\/index.php\/vermittlungshilfe\/\" \/>\n<meta property=\"og:site_name\" content=\"ASCO-hilft\" \/>\n<meta property=\"article:modified_time\" content=\"2022-02-28T19:22:56+00:00\" \/>\n<meta name=\"twitter:card\" content=\"summary_large_image\" \/>\n<meta name=\"twitter:label1\" content=\"Gesch\u00e4tzte Lesezeit\" \/>\n\t<meta name=\"twitter:data1\" content=\"2\u00a0Minuten\" \/>\n<script type=\"application\/ld+json\" class=\"yoast-schema-graph\">{\"@context\":\"https:\/\/schema.org\",\"@graph\":[{\"@type\":\"WebSite\",\"@id\":\"https:\/\/asco-hilft.de\/#website\",\"url\":\"https:\/\/asco-hilft.de\/\",\"name\":\"ASCO-hilft\",\"description\":\"Vermittlungshilfe f\u00fcr Tiere rund um Karlsruhe\",\"potentialAction\":[{\"@type\":\"SearchAction\",\"target\":{\"@type\":\"EntryPoint\",\"urlTemplate\":\"https:\/\/asco-hilft.de\/?s={search_term_string}\"},\"query-input\":\"required name=search_term_string\"}],\"inLanguage\":\"de\"},{\"@type\":\"WebPage\",\"@id\":\"https:\/\/asco-hilft.de\/index.php\/vermittlungshilfe\/#webpage\",\"url\":\"https:\/\/asco-hilft.de\/index.php\/vermittlungshilfe\/\",\"name\":\"Vermittlungshilfe - ASCO-hilft\",\"isPartOf\":{\"@id\":\"https:\/\/asco-hilft.de\/#website\"},\"datePublished\":\"2022-01-29T14:57:09+00:00\",\"dateModified\":\"2022-02-28T19:22:56+00:00\",\"breadcrumb\":{\"@id\":\"https:\/\/asco-hilft.de\/index.php\/vermittlungshilfe\/#breadcrumb\"},\"inLanguage\":\"de\",\"potentialAction\":[{\"@type\":\"ReadAction\",\"target\":[\"https:\/\/asco-hilft.de\/index.php\/vermittlungshilfe\/\"]}]},{\"@type\":\"BreadcrumbList\",\"@id\":\"https:\/\/asco-hilft.de\/index.php\/vermittlungshilfe\/#breadcrumb\",\"itemListElement\":[{\"@type\":\"ListItem\",\"position\":1,\"name\":\"Startseite\",\"item\":\"https:\/\/asco-hilft.de\/\"},{\"@type\":\"ListItem\",\"position\":2,\"name\":\"Vermittlungshilfe\"}]}]}<\/script>\n<!-- \/ Yoast SEO plugin. -->","yoast_head_json":{"title":"Vermittlungshilfe - ASCO-hilft","robots":{"index":"index","follow":"follow","max-snippet":"max-snippet:-1","max-image-preview":"max-image-preview:large","max-video-preview":"max-video-preview:-1"},"canonical":"https:\/\/asco-hilft.de\/index.php\/vermittlungshilfe\/","og_locale":"de_DE","og_type":"article","og_title":"Vermittlungshilfe - ASCO-hilft","og_url":"https:\/\/asco-hilft.de\/index.php\/vermittlungshilfe\/","og_site_name":"ASCO-hilft","article_modified_time":"2022-02-28T19:22:56+00:00","twitter_card":"summary_large_image","twitter_misc":{"Gesch\u00e4tzte Lesezeit":"2\u00a0Minuten"},"schema":{"@context":"https:\/\/schema.org","@graph":[{"@type":"WebSite","@id":"https:\/\/asco-hilft.de\/#website","url":"https:\/\/asco-hilft.de\/","name":"ASCO-hilft","description":"Vermittlungshilfe f\u00fcr Tiere rund um Karlsruhe","potentialAction":[{"@type":"SearchAction","target":{"@type":"EntryPoint","urlTemplate":"https:\/\/asco-hilft.de\/?s={search_term_string}"},"query-input":"required name=search_term_string"}],"inLanguage":"de"},{"@type":"WebPage","@id":"https:\/\/asco-hilft.de\/index.php\/vermittlungshilfe\/#webpage","url":"https:\/\/asco-hilft.de\/index.php\/vermittlungshilfe\/","name":"Vermittlungshilfe - ASCO-hilft","isPartOf":{"@id":"https:\/\/asco-hilft.de\/#website"},"datePublished":"2022-01-29T14:57:09+00:00","dateModified":"2022-02-28T19:22:56+00:00","breadcrumb":{"@id":"https:\/\/asco-hilft.de\/index.php\/vermittlungshilfe\/#breadcrumb"},"inLanguage":"de","potentialAction":[{"@type":"ReadAction","target":["https:\/\/asco-hilft.de\/index.php\/vermittlungshilfe\/"]}]},{"@type":"BreadcrumbList","@id":"https:\/\/asco-hilft.de\/index.php\/vermittlungshilfe\/#breadcrumb","itemListElement":[{"@type":"ListItem","position":1,"name":"Startseite","item":"https:\/\/asco-hilft.de\/"},{"@type":"ListItem","position":2,"name":"Vermittlungshilfe"}]}]}},"_links":{"self":[{"href":"https:\/\/asco-hilft.de\/index.php\/wp-json\/wp\/v2\/pages\/14498"}],"collection":[{"href":"https:\/\/asco-hilft.de\/index.php\/wp-json\/wp\/v2\/pages"}],"about":[{"href":"https:\/\/asco-hilft.de\/index.php\/wp-json\/wp\/v2\/types\/page"}],"author":[{"embeddable":true,"href":"https:\/\/asco-hilft.de\/index.php\/wp-json\/wp\/v2\/users\/1"}],"replies":[{"embeddable":true,"href":"https:\/\/asco-hilft.de\/index.php\/wp-json\/wp\/v2\/comments?post=14498"}],"version-history":[{"count":11,"href":"https:\/\/asco-hilft.de\/index.php\/wp-json\/wp\/v2\/pages\/14498\/revisions"}],"predecessor-version":[{"id":14574,"href":"https:\/\/asco-hilft.de\/index.php\/wp-json\/wp\/v2\/pages\/14498\/revisions\/14574"}],"wp:attachment":[{"href":"https:\/\/asco-hilft.de\/index.php\/wp-json\/wp\/v2\/media?parent=14498"}],"curies":[{"name":"wp","href":"https:\/\/api.w.org\/{rel}","templated":true}]}}